{"id":20744,"date":"2022-09-07T13:51:31","date_gmt":"2022-09-07T13:51:31","guid":{"rendered":"https:\/\/beta-altabebe.stageapp.dev\/chi-siamo\/"},"modified":"2023-12-08T12:30:12","modified_gmt":"2023-12-08T12:30:12","slug":"chi-siamo","status":"publish","type":"page","link":"https:\/\/altabebe.de\/it\/chi-siamo\/","title":{"rendered":"Chi siamo"},"content":{"rendered":"<section class=\"wpb-content-wrapper\"><p>[vc_row][vc_column][vc_row_inner][vc_column_inner width=&#8221;1\/2&#8243;][vc_single_image image=&#8221;20716&#8243; img_size=&#8221;full&#8221; alignment=&#8221;center&#8221; el_class=&#8221;bodera&#8221;][\/vc_column_inner][vc_column_inner el_class=&#8221;story-colam&#8221; width=&#8221;1\/2&#8243;][vc_column_text]<\/p>\n<h2>Chi siamo<\/h2>\n<p>[\/vc_column_text][vc_column_text]La storia \u00e8 iniziata ad Hong Kong nel 2003, quando il nostro fondatore Peter Kreuzer ha iniziato a progettare e sviluppare i primi accessori Altabebe. Ben progettati per neonati e bambini. Ha iniziato a vendere i primi prodotti in Germania e infine in tutto il mondo. Il coprigambe Classic Baby \u00e8 ancora il prodotto di punta di Altabebe e uno dei nostri best seller.    Quello che era iniziato in piccolo, \u00e8 ora cresciuto fino a diventare un marchio internazionale con uffici in Asia, Europa e Stati Uniti con un grande gruppo di dipendenti che condividono la passione di Peter. Insieme hanno creato una vasta gamma di prodotti per neonati e bambini. Prodotti che rendono la vita con i bambini ancora pi\u00f9 facile e sicura.[\/vc_column_text][\/vc_column_inner][\/vc_row_inner][\/vc_column][\/vc_row][vc_row][vc_column][vc_row_inner][vc_column_inner width=&#8221;1\/3&#8243;][vc_column_text el_class=&#8221;functi&#8221;]<\/p>\n<h2>Design<\/h2>\n<p>Siamo incentrati sul design, perch\u00e9 crediamo fermamente che il design funzionale renda la vita pi\u00f9 facile con i nostri neonati e bambini.[\/vc_column_text][\/vc_column_inner][vc_column_inner width=&#8221;1\/3&#8243;][vc_column_text el_class=&#8221;functi&#8221;]<\/p>\n<h2>Funzionalit\u00e0<\/h2>\n<p>Siamo esperti nel combinare forma e funzionalit\u00e0 per rendere la vita con i bambini pi\u00f9 facile e sicura. Non siamo mai soddisfatti finch\u00e9 il prodotto non ha raggiunto le nostre aspettative.[\/vc_column_text][\/vc_column_inner][vc_column_inner width=&#8221;1\/3&#8243;][vc_column_text el_class=&#8221;functi&#8221;]<\/p>\n<h2>Creativit\u00e0<\/h2>\n<p>La nostra creativit\u00e0 \u00e8 il nostro obiettivo pi\u00f9 grande. Ogni giorno cerchiamo soluzioni pi\u00f9 intelligenti e la realizzazione di prodotti innovativi.[\/vc_column_text][\/vc_column_inner][\/vc_row_inner][\/vc_column][\/vc_row]<\/p>\n<\/section>","protected":false},"excerpt":{"rendered":"<p>[vc_row][vc_column][vc_row_inner][vc_column_inner width=&#8221;1\/2&#8243;][vc_single_image image=&#8221;20716&#8243; img_size=&#8221;full&#8221; alignment=&#8221;center&#8221; el_class=&#8221;bodera&#8221;][\/vc_column_inner][vc_column_inner el_class=&#8221;story-colam&#8221; width=&#8221;1\/2&#8243;][vc_column_text] Chi siamo [\/vc_column_text][vc_column_text]La storia \u00e8 iniziata ad Hong Kong nel 2003, quando il nostro fondatore Peter Kreuzer ha iniziato a progettare e sviluppare i primi accessori Altabebe. Ben progettati per neonati e bambini. Ha iniziato a vendere i primi prodotti in Germania e infine in tutto il [&hellip;]<\/p>\n","protected":false},"author":3,"featured_media":20719,"parent":0,"menu_order":0,"comment_status":"closed","ping_status":"closed","template":"","meta":{"footnotes":""},"_links":{"self":[{"href":"https:\/\/altabebe.de\/it\/wp-json\/wp\/v2\/pages\/20744"}],"collection":[{"href":"https:\/\/altabebe.de\/it\/wp-json\/wp\/v2\/pages"}],"about":[{"href":"https:\/\/altabebe.de\/it\/wp-json\/wp\/v2\/types\/page"}],"author":[{"embeddable":true,"href":"https:\/\/altabebe.de\/it\/wp-json\/wp\/v2\/users\/3"}],"replies":[{"embeddable":true,"href":"https:\/\/altabebe.de\/it\/wp-json\/wp\/v2\/comments?post=20744"}],"version-history":[{"count":3,"href":"https:\/\/altabebe.de\/it\/wp-json\/wp\/v2\/pages\/20744\/revisions"}],"predecessor-version":[{"id":20747,"href":"https:\/\/altabebe.de\/it\/wp-json\/wp\/v2\/pages\/20744\/revisions\/20747"}],"wp:featuredmedia":[{"embeddable":true,"href":"https:\/\/altabebe.de\/it\/wp-json\/wp\/v2\/media\/20719"}],"wp:attachment":[{"href":"https:\/\/altabebe.de\/it\/wp-json\/wp\/v2\/media?parent=20744"}],"curies":[{"name":"wp","href":"https:\/\/api.w.org\/{rel}","templated":true}]}}