{"id":20764,"date":"2023-07-07T12:49:10","date_gmt":"2023-07-07T12:49:10","guid":{"rendered":"https:\/\/beta-altabebe.stageapp.dev\/?page_id=20764"},"modified":"2023-12-08T12:43:45","modified_gmt":"2023-12-08T12:43:45","slug":"politica-sulla-privacy","status":"publish","type":"page","link":"https:\/\/altabebe.de\/it\/politica-sulla-privacy\/","title":{"rendered":"Politica sulla privacy"},"content":{"rendered":"<section class=\"wpb-content-wrapper\"><p>[vc_row css=&#8221;.vc_custom_1459707955666{margin-top: 0px !important;margin-bottom: 0px !important;}&#8221;][vc_column][vc_column_text]<\/p>\n<div class=\"terms\">Questa \u00e8 la nostra politica sulla privacy. Illustra quali dati personali raccogliamo da te, come li utilizziamo e come li proteggiamo. Inoltre, si spiega quali sono le modalit\u00e0 per controllare quali sono le informazioni che condividi con noi mentre interagiamo con te. I dati personali sono informazioni su di te che potrebbero essere utilizzate per identificarti.Il nome della nostra azienda \u00e8 Altabebe GmbH &amp; Co. KG ma per semplicit\u00e0 in questa politica ci riferiremo a essa con &#8220;Altabebe&#8221;, &#8220;nostro\/a&#8221;, o &#8220;noi&#8221;.<br \/>\nLa politica riguarda le informazioni che raccogliamo quando visiti e interagisci con il nostro sito web Altabebe.de (e relative sottopagine) e le versioni mobili (&#8220;Sito web&#8221;) e quando fai acquisti sul nostro sito web.<\/p>\n<\/div>\n<p>[\/vc_column_text][vc_column_text]<\/p>\n<div class=\"terms\">\n<h3>1. INFORMAZIONI RACCOLTE DAI SOTTOSCRITTI<\/h3>\n<h5>A. Sito web<\/h5>\n<p>Quando visiti il nostro Sito web, noi raccogliamo informazioni analitiche di base su come lo utilizzi.<br \/>\nInoltre, elaboriamo i tuoi dati personali se tu decidi di fornirceli effettuando un&#8217;azione (come compilare moduli di contatto, sottoscrivere la nostra newsletter o inviarci un&#8217;e-mail).<\/p>\n<\/div>\n<p>[\/vc_column_text][vc_column_text]<\/p>\n<table>\n<tbody>\n<tr>\n<th>Fonte<\/th>\n<th>SITO WEB, MODULI ED E-MAIL<\/th>\n<\/tr>\n<tr>\n<td>Descrizione<\/td>\n<td>\u2022 Dati analitici sui visitatori del nostro Sito web<br \/>\n\u2022 Informazioni fornite da te all&#8217;interno di moduli, e-mail, etc.<\/td>\n<\/tr>\n<tr>\n<td>Dati elaborati<\/td>\n<td>\u2022 Indirizzo IP<br \/>\n\u2022 Geolocalizzazione<br \/>\n\u2022 Uso del sito web (pagine visitate, durata della visita, siti di riferimento, ecc.)<br \/>\n\u2022 Dati tecnici (ID univoco del dispositivo, rete, browser, lingua e sistema operativo)<br \/>\n\u2022 Prodotti visualizzati<br \/>\n\u2022 Dettagli di contatto cos\u00ec come forniti all&#8217;interno di moduli di contatto, e-mail indirizzate a noi e sottoscrizione di newsletter (nome, e-mail, indirizzo, ecc.)<br \/>\n\u2022 Altre informazioni inviate sotto forma di testo quando ci invii delle e-mail<\/td>\n<\/tr>\n<tr>\n<td>Scopo del trattamento<\/td>\n<td>\u2022 Analisi del modo in cui il nostro sito web viene utilizzato in modo da poterlo migliorare<br \/>\n\u2022 Gestione del nostro rapporto con te (ad es. valutare e rispondere alle tue domande)<br \/>\n\u2022 Invio di newsletter<\/td>\n<\/tr>\n<tr>\n<td>Controllo<\/td>\n<td>Controllo In qualunque momento potrai contattarci per correggere, far rimuovere o farti inviare i tuoi dati. Per maggiori informazioni su come memorizziamo ed elaboriamo i dati, vedi <strong>2. Cookies.<\/strong><\/td>\n<\/tr>\n<tr>\n<td>Conservazione<\/td>\n<td>Conserviamo i tuoi dati per 3 anni dalla tua ultima attivit\u00e0. Acquisto, attivit\u00e0 di comunicazione o visita del nostro sito web sono solo alcuni esempi di &#8220;attivit\u00e0&#8221;.<\/td>\n<\/tr>\n<\/tbody>\n<\/table>\n<p>[\/vc_column_text][vc_column_text]<\/p>\n<div class=\"terms\">\n<h5>B. Ordine<\/h5>\n<p>Quando effettui un ordine sul nostro Sito web, raccogliamo i tuoi dati personali per poter consegnare i prodotti che hai acquistato.<\/p>\n<\/div>\n<p>[\/vc_column_text][vc_column_text]<\/p>\n<div class=\"terms\">\n<table>\n<tbody>\n<tr>\n<th>Fonte<\/th>\n<th>CASSA<\/th>\n<\/tr>\n<tr>\n<td>Descrizione<\/td>\n<td>Descrizione Informazioni necessarie quando fai un ordine sul nostro Sito web<\/td>\n<\/tr>\n<tr>\n<td>Dati elaborati<\/td>\n<td>\u2022 Nome<br \/>\n\u2022 Indirizzo e-mail<br \/>\n\u2022 Indirizzo fisico<br \/>\n\u2022 Indirizzo di consegna alternativo<br \/>\n\u2022 Numero di telefono<br \/>\n\u2022 Prodotti acquistati<br \/>\n\u2022 Data e ora dell&#8217;acquisto<\/td>\n<\/tr>\n<tr>\n<td>Scopo del trattamento<\/td>\n<td>\u2022 Consegnarti i prodotti &#8211; rispettare il nostro contratto con te.<br \/>\n\u2022 Comunicare con te in merito al tuo ordine<br \/>\n\u2022 Comunicare con te in quanto cliente in merito ad altri prodotti che potrebbero interessarti<\/td>\n<\/tr>\n<tr>\n<td>Controllo<\/td>\n<td>Controllo Per elaborare il tuo ordine, abbiamo bisogno di raccogliere ed elaborare i tuoi dati per scopi di consegna e contabilit\u00e0.<\/td>\n<\/tr>\n<tr>\n<td>Conservazione<\/td>\n<td>Memorizziamo i tuoi dati personali conformemente al regolamento generale sulla protezione dei dati (GDPR) e le altre leggi relative ai dati.<\/td>\n<\/tr>\n<\/tbody>\n<\/table>\n<\/div>\n<p>[\/vc_column_text][vc_column_text] [\/vc_column_text][vc_column_text]<\/p>\n<div class=\"terms\">\n<h3>2. COOKIES<\/h3>\n<p>Questa sezione descrive nello specifico il modo in cui utilizziamo i cookie sul nostro Sito web. Un &#8220;Cookie&#8221; \u00e8 un piccolo file di testo che un sito web salva sul tuo computer o dispositivo mobile quando lo visiti. Consente al sito web di ricordare le tue azioni e preferenze (come accesso, lingua, dimensioni font e altre preferenze di visualizzazione) per un certo periodo di tempo, in modo da non doverle reinserire ogni volta che torni sul sito o navighi da una pagina all&#8217;altra. Pu\u00f2 anche tenere traccia del tuo comportamento su un sito web per ottimizzare la pubblicit\u00e0 che vedrai mentre navighi in Internet.<\/p>\n<\/div>\n<p>[\/vc_column_text][vc_column_text]<\/p>\n<div class=\"terms\">\n<table>\n<tbody>\n<tr>\n<th>COOKIES<\/th>\n<th><\/th>\n<\/tr>\n<tr>\n<td>Descrizione<\/td>\n<td>Usiamo i cookie delle seguenti terze parti:<br \/>\n\u2022 Google<br \/>\n\u2022 Facebook<br \/>\nPosizioniamo anche i nostri cookie personali attraverso il nostro sistema di e-commerce. Sono illustrati al punto <strong> 1. A.<\/strong> and <strong>1. B.<\/strong><\/td>\n<\/tr>\n<tr>\n<td>Dati elaborati<\/td>\n<td>\u2022 Indirizzo IP<br \/>\n\u2022 Geolocalizzazione<br \/>\n\u2022 Uso del sito web (pagine visitate, durata della visita, siti di riferimento, ecc.)<br \/>\n\u2022 Dati tecnici (ID univoco del dispositivo, rete, browser, lingua e sistema operativo)<br \/>\n\u2022 Prodotti visualizzati<br \/>\n\u2022 Prodotti nel carrello\/carrelli abbandonati<br \/>\n\u2022 Prodotti acquistati<br \/>\n\u2022 Data e ora dell&#8217;acquisto<\/td>\n<\/tr>\n<tr>\n<td>Scopo del trattamento<\/td>\n<td>\u2022 Semplificare i processi d&#8217;acquisto<br \/>\n\u2022 Identificare quali pagine visiti<br \/>\n\u2022 Analizzare i dati sul traffico del nostro Sito web<br \/>\n\u2022 Migliorare il nostro Sito web<br \/>\n\u2022 Marketing online dei nostri prodotti<\/td>\n<\/tr>\n<tr>\n<td>Controllo<\/td>\n<td>Puoi cambiare le impostazioni del tuo browser per smettere di accettare i Cookie e cancellare i Cookie esistenti (compresi quelli persistenti con una durata specifica). Segui le istruzioni sul tuo browser.<\/td>\n<\/tr>\n<tr>\n<td>Conservazione<\/td>\n<td>I Cookie di sessione vengono eliminati dal tuo computer quando si esce e si chiude il browser. I cookie permanenti hanno diversi periodi di scadenza. Puoi eliminare tu stesso i cookie (vedi &#8220;Controllo&#8221;). Per maggiori dettagli, vedi il punto <strong>4. Service Providers.<\/strong><\/td>\n<\/tr>\n<\/tbody>\n<\/table>\n<\/div>\n<p>[\/vc_column_text][vc_column_text]<\/p>\n<div class=\"terms\">\n<h3>3. MOTIVI DEL TRATTAMENTO (BASI GIURIDICHE)<\/h3>\n<p>Trattiamo i tuoi dati personali in base a quanto segue:<br \/>\n<strong>Consent. <\/strong> . Quando visiti il nostro Sito web, sottoscrivi la nostra newsletter, invii un modulo o fai un ordine, chiediamo il tuo consenso al trattamento dei dati personali cos\u00ec come descritto nella presente politica, tramite la selezione di una casella o la pressione di un pulsante di conferma (&#8220;OK&#8221;, &#8220;S\u00ec grazie&#8221;, &#8220;Invia Ordine&#8221;, ecc.)<br \/>\n<strong>Contract.<\/strong> L&#8217;elaborazione da parte nostra dei tuoi dati personali al momento dell&#8217;acquisto di prodotti \u00e8 necessaria per adempiere al contratto sottoscritto con te.<br \/>\n<strong>Legitimate interest.<\/strong> L&#8217;elaborazione dei tuoi dati personali si basa anche sul nostro legittimo interesse a essere in grado di pubblicizzare i nostri prodotti in modo efficiente online e sviluppare e migliorare il nostro Sito web, i nostri prodotti e i rapporti con i clienti.<\/p>\n<\/div>\n<p>[\/vc_column_text][vc_column_text]<\/p>\n<div class=\"terms\">\n<h3>4. CONDIVISIONE DEI TUOI DATI PERSONALI<\/h3>\n<p>Potremmo condividere i tuoi dati personali nei seguenti modi:<br \/>\n<strong>Provider di servizi<\/strong>. Utilizziamo aziende e privati terze parti per aiutarci nella fornitura del nostro servizio e per aiutarci ad analizzare il modo in cui il nostro sito Web viene utilizzato. Tali terze parti potrebbero avere accesso ai tuoi dati personali solo per svolgere tali compiti per nostro conto e sono tenuti a non divulgarli n\u00e9 utilizzarli per qualsivoglia altri scopi. Nella tabella qui sotto sono elencati i provider di servizi con cui condividiamo i dati.<\/p>\n<\/div>\n<p>[\/vc_column_text][vc_column_text]<\/p>\n<div class=\"terms\">\n<table>\n<tbody>\n<tr>\n<th>Provider di servizi<\/th>\n<th>Descrizione<\/th>\n<th>Maggiori informazioni<\/th>\n<\/tr>\n<tr>\n<td>Google Inc.(Google Analytics)<\/td>\n<td>Analitica del sito web. Google pu\u00f2 elaborare i dati personali negli USA ma si assicurer\u00e0 sempre che vengano applicate le misure di sicurezza richieste per legge.<\/td>\n<td>Politica sulla privacy: <a href=\"https:\/\/policies.google.com\/privacy\">https:\/\/policies.google.com\/privacy<\/a><br \/>\nPuoi impedire la raccolta dei dati (compreso il tuo indirizzo IP) generati dal cookie e relativi al tuo utilizzo del sito web da Google, nonch\u00e9 il trattamento di tali dati da parte di Google scaricando e installando il plug-in per browser disponibile al seguente link <a href=\"http:\/\/tools.google.com\/dlpage\/gaoptout?hl=en.\">http:\/\/tools.google.com\/dlpage\/gaoptout?hl=en.<\/a> Come alternativa al plug-in per browser, puoi fare clic su questo link per impedire la raccolta di Google Analytics sul presente sito web in futuro. Sul tuo dispositivo viene memorizzato un cookie di rifiuto esplicito (opt-out). Se cancelli i tuoi cookie, devi fare di nuovo clic sul link.<\/td>\n<\/tr>\n<tr>\n<td>Google, Inc.(Google Adwords)<\/td>\n<td>Marketing online. In base al comportamento sul Sito web vengono creati dei gruppi target. Google pu\u00f2 elaborare i dati personali negli USA ma si assicurer\u00e0 sempre che vengano applicate le misure di sicurezza richieste per legge.Usiamo il servizio di remarketing Google Adwords per fare pubblicit\u00e0 su siti web di terze parti (tra cui Google) diretta a chi ha precedentemente visitato il nostro sito. Ci\u00f2 pu\u00f2 significare che la nostra pubblicit\u00e0 venga diretta a visitatori precedenti che non hanno completato un&#8217;attivit\u00e0 sul nostro sito, ad esempio abbandonando un carrello.<\/td>\n<td>Politica sulla privacy: <a href=\"https:\/\/policies.google.com\/privacy\">https:\/\/policies.google.com\/privacy<\/a><br \/>\nRifiuto esplicito: <a href=\"https:\/\/www.google.com\/settings\/ads\">https:\/\/www.google.com\/settings\/ads<\/a><\/td>\n<\/tr>\n<tr>\n<td>Facebook, Inc<\/td>\n<td>Marketing online. In base al comportamento sul Sito web vengono creati dei gruppi target.<\/td>\n<td>Politica sulla privacy: <a href=\"https:\/\/www.facebook.com\/policy\">https:\/\/www.facebook.com\/policy<\/a><\/td>\n<\/tr>\n<tr>\n<td>Paypal<\/td>\n<td>Soluzione di pagamento.<br \/>\nPayPal elaborer\u00e0 i tuoi dati in modo indipendente per le proprie finalit\u00e0. Ti verr\u00e0 chiesto di accettare la sua politica sulla privacy quando userai la loro soluzione di pagamento sul nostro Sito web<\/td>\n<td>Politica sulla privacy: <a href=\"https:\/\/www.paypal.com\/se\/webapps\/mpp\/ua\/privacy-full\" target=\"_blank\" rel=\"noopener\">https:\/\/www.paypal.com\/se\/webapps\/mpp\/ua\/privacy-full<\/a><\/td>\n<\/tr>\n<\/tbody>\n<\/table>\n<\/div>\n<p>[\/vc_column_text][vc_column_text]<\/p>\n<div class=\"terms\"><strong>Richieste legali e prevenzione dei danni.<\/strong> Possiamo divulgare qualunque informazione su di te a funzionari del governo o delle forze dell&#8217;ordine se pensiamo che sia necessario o appropriato rispondere a richieste e procedimenti legali, per proteggere la propriet\u00e0 e i diritti di Altabebe o di una terza parte, per proteggere la sicurezza del pubblico o qualsivoglia individuo, oppure per impedire o fermare attivit\u00e0 che possiamo ritenere (o costituiscono un rischio di essere) illegali, non etiche o legalmente perseguibili. Trasferimenti dell&#8217;attivit\u00e0. Altabebe pu\u00f2 prendere parte in una transazione che coinvolga alcuni o tutti i nostri beni o azioni, incluse alcune o tutte le informazioni descritte nella presente polizza.<\/div>\n<p>[\/vc_column_text][vc_column_text]<\/p>\n<div class=\"terms\">\n<h3>5. MEMORIZZAZIONE DELLE TUE INFORMAZIONI<\/h3>\n<p><strong>Sicurezza delle informazioni. <\/strong>Utilizziamo misure di sicurezza per preservare l&#8217;integrit\u00e0 e la sicurezza dei tuoi dati personali. Quando si effettuano gli ordini o si accede alle informazioni dell&#8217;account, offriamo l&#8217;uso di un server sicuro. Il secure server sofltware (SSL) cripta tutte le informazioni inserite prima di inviarle ai sottoscritti. Ti informeremo di eventuali violazioni della sicurezza, riservatezza o integrit\u00e0 dei dati personali memorizzati, come richiesto dalla legge.<br \/>\n<strong>Trasferimento internazionale. <\/strong>Se ti trovi al di fuori della Germania e scegli di fornirci informazioni, Altabebe trasferir\u00e0 i dati personali in Germania e li elaborer\u00e0 l\u00ec. Nel caso di un trasferimento dei tuoi dati personali al di fuori dell&#8217;UE\/DE, faremo sempre affidamento a un meccanismo di sicurezza conforme alla legislazione dell&#8217;Unione Europea. Puoi sempre contattarci se desideri ulteriori dettagli sui trasferimenti internazionali.<\/p>\n<\/div>\n<p>[\/vc_column_text][vc_column_text]<\/p>\n<div class=\"terms\">\n<h3>6. CONSERVAZIONE<\/h3>\n<p>Memorizziamo i tuoi dati personali cos\u00ec come descritto nella presente politica alle sezioni 1 e 2 e\/o per il tempo necessario agli scopi per cui sono stati raccolti in base a questa politica, oppure finch\u00e9 disporremo delle basi giuridiche per farlo. Potremo anche mantenere delle versioni anonime dei tuoi dati ed elaborarle per scopi statistici a tempo indefinito, dato che non costituirebbero pi\u00f9 dati personali.<\/p>\n<\/div>\n<p>[\/vc_column_text][vc_column_text]<\/p>\n<div class=\"terms\">\n<h3>7. INFORMAZIONI DEI BAMBINI<\/h3>\n<p>Il nostro Servizio non \u00e8 diretto a bambini al di sotto dei 13 anni. Non raccogliamo consapevolmente informazioni personali identificabili di bambini al di sotto dei 13 anni di et\u00e0. Se un genitore o tutore viene a conoscenza del fatto che suo figlio ci ha fornito Informazioni personali senza il suo consenso, dovr\u00e0 contattarci immediatamente. Se veniamo a conoscenza del fatto che un bambino di et\u00e0 inferiore a 13 anni ci ha fornito dati personali, elimineremo tali informazioni dai nostri file.<\/p>\n<\/div>\n<p>[\/vc_column_text][vc_column_text]<\/p>\n<div class=\"terms\">\n<h3>8. I TUOI DIRITTI<\/h3>\n<p><strong>Marketing diretto. <\/strong>Hai il diritto assoluto di opporti al trattamento dei tuoi dati personali per il marketing diretto. Hai anche il diritto di revocare il consenso precedentemente prestato. Il ritiro del consenso non influisce sulla legittimit\u00e0 di quanto elaborato in base al consenso accordato precedentemente e potremmo continuare a elaborare i tuoi dati personali su altre basi giuridiche, eccetto per il marketing diretto.<br \/>\n<strong>Informazione, correzione, rettifica, completamento, cancellazione, restrizione del trattamento. <\/strong>Hai il diritto di richiedere l&#8217;accesso e ulteriori informazioni riguardanti il trattamento dei tuoi dati personali, nonch\u00e9 di richiederne la correzione, rettifica, completamento, cancellazione o di restringerne l&#8217;elaborazione. Hai il diritto di ottenere una copia dei dati personali da noi trattati che ti riguardano, gratuitamente, una (1) volta ogni anno solare. Per qualunque copia aggiuntiva da te richiesta, potremmo addebitarti un importo ragionevole in base ai costi amministrativi.<br \/>\n<strong>Portabilit\u00e0.<\/strong> Se il trattamento si basa sul consenso su basi giuridiche o sull&#8217;adempimento al contratto, avrai diritto alla portabilit\u00e0 dei dati. Per portabilit\u00e0 dei dati si intende il fatto che tu potrai ricevere i dati personali che ci hai fornito in un formato strutturato, comunemente utilizzato e leggibile dalla macchina e che avrai il diritto di trasferire tali dati ad altri titolari del trattamento.<\/p>\n<\/div>\n<p>[\/vc_column_text][vc_column_text]<\/p>\n<div class=\"terms\">\n<h3>9. INFORMAZIONI DI CONTATTO<\/h3>\n<p>Per esercitare il tuo diritto o se hai domande riguardanti il nostro trattamento dei tuoi dati personali, contattaci all&#8217;indirizzo <a href=\"mailto:info@altabebe.de\">info@altabebe.de<\/a><br \/>\nSe hai dei reclami riguardanti il nostro trattamento dei tuoi dati personali, potrai inoltrare un reclamo all&#8217;autorit\u00e0 per la protezione dei dati di competenza. Puoi saperne di pi\u00f9 sulle autorit\u00e0 locali per la protezione dei dati al seguente link <a href=\"http:\/\/ec.europa.eu\/justice\/data-protection\/bodies\/authorities\/index_en.htm.\">http:\/\/ec.europa.eu\/justice\/data-protection\/bodies\/authorities\/index_en.htm.<\/a><\/p>\n<\/div>\n<p>[\/vc_column_text][vc_column_text]<\/p>\n<div class=\"terms\">\n<h3>10. MODIFICHE ALLA POLITICA<\/h3>\n<p>Nota che la presente politica pu\u00f2 essere modificata; pertanto, controllala frequentemente. Ti informeremo in merito a qualunque modifica alla politica pubblicando quella nuova e aggiornando la data della &#8220;ultima modifica&#8221; nella parte alta di questa pagina. Prima di raccogliere qualunque nuovo dato personale riguardante la tua persona o di utilizzarlo in un modo nuovo, chiederemo il tuo consenso.<\/p>\n<\/div>\n<p>[\/vc_column_text][vc_column_text]<\/p>\n<div class=\"terms\">\n<h3>11. COLLEGAMENTI AD ALTRI SITI E PLUGIN SOCIAL<\/h3>\n<p>Il nostro Sito web utilizza plugin social dei social network. Se fai clic su uno dei pulsanti, si aprir\u00e0 una nuova finestra del tuo browser contenente la pagina del rispettivo social network. Su tale sito, potrai effettuare l&#8217;accesso, mettere &#8220;mi piace&#8221; o condividere, ecc. Quando fai clic sui link dei plugin o su altri link presenti sul nostro Sito web o nelle newsletter, la raccolta dei dati personali \u00e8 al di fuori del nostro controllo. La politica dell&#8217;altro sito web si applicher\u00e0 ai dati personali ottenuti da te su tale sito web.<\/p>\n<\/div>\n<p>[\/vc_column_text][\/vc_column][\/vc_row]<\/p>\n<\/section>","protected":false},"excerpt":{"rendered":"<p>[vc_row css=&#8221;.vc_custom_1459707955666{margin-top: 0px !important;margin-bottom: 0px !important;}&#8221;][vc_column][vc_column_text] Questa \u00e8 la nostra politica sulla privacy. Illustra quali dati personali raccogliamo da te, come li utilizziamo e come li proteggiamo. Inoltre, si spiega quali sono le modalit\u00e0 per controllare quali sono le informazioni che condividi con noi mentre interagiamo con te. I dati personali sono informazioni su di [&hellip;]<\/p>\n","protected":false},"author":3,"featured_media":0,"parent":0,"menu_order":0,"comment_status":"closed","ping_status":"closed","template":"","meta":{"footnotes":""},"_links":{"self":[{"href":"https:\/\/altabebe.de\/it\/wp-json\/wp\/v2\/pages\/20764"}],"collection":[{"href":"https:\/\/altabebe.de\/it\/wp-json\/wp\/v2\/pages"}],"about":[{"href":"https:\/\/altabebe.de\/it\/wp-json\/wp\/v2\/types\/page"}],"author":[{"embeddable":true,"href":"https:\/\/altabebe.de\/it\/wp-json\/wp\/v2\/users\/3"}],"replies":[{"embeddable":true,"href":"https:\/\/altabebe.de\/it\/wp-json\/wp\/v2\/comments?post=20764"}],"version-history":[{"count":2,"href":"https:\/\/altabebe.de\/it\/wp-json\/wp\/v2\/pages\/20764\/revisions"}],"predecessor-version":[{"id":20766,"href":"https:\/\/altabebe.de\/it\/wp-json\/wp\/v2\/pages\/20764\/revisions\/20766"}],"wp:attachment":[{"href":"https:\/\/altabebe.de\/it\/wp-json\/wp\/v2\/media?parent=20764"}],"curies":[{"name":"wp","href":"https:\/\/api.w.org\/{rel}","templated":true}]}}