{"id":20778,"date":"2023-08-04T08:52:20","date_gmt":"2023-08-04T08:52:20","guid":{"rendered":"https:\/\/beta-altabebe.stageapp.dev\/?page_id=20778"},"modified":"2023-12-08T12:54:55","modified_gmt":"2023-12-08T12:54:55","slug":"consegna-e-pagamento","status":"publish","type":"page","link":"https:\/\/altabebe.de\/it\/consegna-e-pagamento\/","title":{"rendered":"Consegna e pagamento"},"content":{"rendered":"<section class=\"wpb-content-wrapper\"><p>[vc_row css=&#8221;.vc_custom_1461082826336{margin-bottom: 60px !important;}&#8221;][vc_column][vc_column_text]<\/p>\n<h2>Informazioni sulla spedizione<\/h2>\n<p>[\/vc_column_text][vc_column_text]<\/p>\n<div class=\"shipping-delivery\">\n<h3>Come spediamo<\/h3>\n<p>Prima di lasciare la nostra sede, ogni articolo viene accuratamente ispezionato e imballato per garantire che ti arrivi in perfette condizioni. Cerchiamo di tenere le spese di consegna il pi\u00f9 basse possibile e di utilizzare solo societ\u00e0 di trasporto fidate, per far s\u00ec che il tuo ordine sia consegnato in modo sicuro e tempestivo.<\/p>\n<\/div>\n<p>[\/vc_column_text][vc_column_text]<\/p>\n<div class=\"shipping-delivery\">\n<h3>Spese di spedizione<\/h3>\n<p>Offriamo un servizio di spedizione standard in tutti i paesi UE.<br \/>\nSpese di spedizione: \u20ac9.90<br \/>\nNota: non saranno aggiunti altri costi di gestione.<\/p>\n<\/div>\n<p>[\/vc_column_text][vc_column_text]<\/p>\n<div class=\"shipping-delivery\">\n<h3>Dove spediamo<\/h3>\n<p>Possiamo spedire nella maggior parte dei paesi del mondo. Se non risiedi in Germania o nell&#8217;UE, ricorda che oltre all&#8217;importo dell&#8217;ordine ti saranno addebitate anche le spese di dogana quando la merce raggiunger\u00e0 il tuo paese. Questo \u00e8 un aspetto al di fuori del nostro controllo, pertanto ti consigliamo di contattare il tuo ufficio doganale locale. Se non sai come farlo, contattaci e saremo lieti di aiutarti.<\/p>\n<\/div>\n<p>[\/vc_column_text][vc_column_text]<\/p>\n<div class=\"shipping-delivery\">\n<h3>Tempi di consegna<\/h3>\n<p>Di solito gli ordini vengono spediti entro 24 ore dalla loro ricezione. Il tempo di consegna \u00e8 di 5 giorni lavorativi.<\/p>\n<\/div>\n<p>[\/vc_column_text][\/vc_column][\/vc_row]<\/p>\n<\/section>","protected":false},"excerpt":{"rendered":"<p>[vc_row css=&#8221;.vc_custom_1461082826336{margin-bottom: 60px !important;}&#8221;][vc_column][vc_column_text] Informazioni sulla spedizione [\/vc_column_text][vc_column_text] Come spediamo Prima di lasciare la nostra sede, ogni articolo viene accuratamente ispezionato e imballato per garantire che ti arrivi in perfette condizioni. Cerchiamo di tenere le spese di consegna il pi\u00f9 basse possibile e di utilizzare solo societ\u00e0 di trasporto fidate, per far s\u00ec che il [&hellip;]<\/p>\n","protected":false},"author":3,"featured_media":20719,"parent":0,"menu_order":0,"comment_status":"closed","ping_status":"closed","template":"","meta":{"footnotes":""},"_links":{"self":[{"href":"https:\/\/altabebe.de\/it\/wp-json\/wp\/v2\/pages\/20778"}],"collection":[{"href":"https:\/\/altabebe.de\/it\/wp-json\/wp\/v2\/pages"}],"about":[{"href":"https:\/\/altabebe.de\/it\/wp-json\/wp\/v2\/types\/page"}],"author":[{"embeddable":true,"href":"https:\/\/altabebe.de\/it\/wp-json\/wp\/v2\/users\/3"}],"replies":[{"embeddable":true,"href":"https:\/\/altabebe.de\/it\/wp-json\/wp\/v2\/comments?post=20778"}],"version-history":[{"count":2,"href":"https:\/\/altabebe.de\/it\/wp-json\/wp\/v2\/pages\/20778\/revisions"}],"predecessor-version":[{"id":20780,"href":"https:\/\/altabebe.de\/it\/wp-json\/wp\/v2\/pages\/20778\/revisions\/20780"}],"wp:featuredmedia":[{"embeddable":true,"href":"https:\/\/altabebe.de\/it\/wp-json\/wp\/v2\/media\/20719"}],"wp:attachment":[{"href":"https:\/\/altabebe.de\/it\/wp-json\/wp\/v2\/media?parent=20778"}],"curies":[{"name":"wp","href":"https:\/\/api.w.org\/{rel}","templated":true}]}}